{"id":4810,"date":"2021-11-24T11:00:44","date_gmt":"2021-11-24T16:00:44","guid":{"rendered":"https:\/\/coalitionassurance.com\/aec\/"},"modified":"2024-11-21T11:26:57","modified_gmt":"2024-11-21T16:26:57","slug":"acs","status":"publish","type":"page","link":"https:\/\/coalitionassurance.com\/en\/pursue-a-career\/educational-background\/acs\/","title":{"rendered":"ACS"},"content":{"rendered":"\n\t<article class=\"pHPage jsAnimateClass animate\">\n\t\t<div class=\"pHPage__in\">\n\t\t\t<div class=\"pHPage__cCtn wStd onDark\">\n\t\t\t\t<div class=\"pHPage__ctn jsAnimateMove\" data-move=\"-40\">\n\t\t\t\t\t<div class=\"pHPage__titleReveal\">\n\t\t\t\t\t\t<h1>ATTESTATION OF COLLEGE STUDIES IN PROPERTY AND CASUALTY INSURANCE<\/h1>\n\t\t\t\t\t<\/div>\n\t\t\t\t<\/div>\n\t\t\t<\/div>\n\n\t\t\t\n\t\t\t<figure class=\"pHPage__bg\">\n\t\t\t\t<picture>\n\t\t\t\t\t<source srcset=\"https:\/\/coalitionassurance.com\/wp-content\/themes\/coalition\/img\/page-head-3-mobile.jpg\" media=\"(max-width:62rem)\">\n\t\t\t\t\t<img decoding=\"async\" src=\"https:\/\/coalitionassurance.com\/wp-content\/themes\/coalition\/img\/page-head-3.jpg\" alt=\"\">\n\t\t\t\t<\/picture>\n\t\t\t<\/figure>\n\t\t<\/div>\n\n\t\t<div class=\"pHPage__rs\">\n\t\t\t\n<div class=\"iFloatBox\">\n\t<div class=\"iFloatBox__willPin jsFloatBoxSticky\">\n\t\t<div class=\"iFloatBox__scrolledPosition\">\n\t\t\t<ul class=\"rs rs--vertical\">\n\t\t\t\t\t<li>\n\t\t\t\t\t\t<a href=\"#\" class=\"js__facebook\">\n\t\t\t\t\t\t\t<span class=\"svgIcon\"><svg xmlns=\"http:\/\/www.w3.org\/2000\/svg\" viewBox=\"0 0 48 48\"><path d=\"M34.89 24A10.89 10.89 0 1022.3 34.75v-7.6h-2.77V24h2.77v-2.4c0-2.73 1.62-4.23 4.11-4.23a17 17 0 012.44.21v2.68h-1.37A1.57 1.57 0 0025.7 22v2h3l-.48 3.15H25.7v7.6A10.88 10.88 0 0034.89 24z\"\/><\/svg><\/span>\n\t\t\t\t\t\t<\/a>\n\t\t\t\t\t<\/li>\n\t\t\t\t\t<li>\n\t\t\t\t\t\t<a href=\"#\" class=\"js__linkedin\">\n\t\t\t\t\t\t\t<span class=\"svgIcon\"><svg xmlns=\"http:\/\/www.w3.org\/2000\/svg\" viewBox=\"0 0 48 48\"><path d=\"M15.58 21.08h3.61v11.61h-3.61zM28.38 20.79A3.8 3.8 0 0025 22.67h-.05v-1.59h-3.49v11.61h3.6V27c0-1.52.29-3 2.16-3s1.88 1.7 1.88 3v5.65h3.61v-6.33c0-3.12-.71-5.53-4.33-5.53zM17.39 15.31a2.09 2.09 0 102.09 2.09 2.1 2.1 0 00-2.09-2.09z\"\/><\/svg><\/span>\n\t\t\t\t\t\t<\/a>\n\t\t\t\t\t<\/li>\n\n\t\t\t<\/ul>\n\t\t<\/div>\n\t<\/div>\n<\/div>\n\t\t<\/div>\n\t<\/article>\n\n\n\n\n\t<article\n\t\tid=\"\"\n\t\tclass=\"bCIP bMain bMain--noDP wStd jsAnimateClass animate \"\n\t\t\t>\n\t\t<div class=\"bCIP__layout\">\n\t\t\t<figure class=\"bCIP__cImg\">\n\n\t\t\t\t\t\t\t\t\t<div class=\"bCIP__bg\">\n\t\t\t\t\t\t<div class=\"bgLined \">\n\t\t\t\t\t\t\t<span class=\"bgLined__in\"><\/span>\n\t\t\t\t\t\t<\/div>\n\t\t\t\t\t<\/div>\n\t\t\t\t\n\t\t\t\t<div class=\"bCIP__img hShadow jsAnimateMove\">\n\t\t\t\t\t<div class=\"bCIP__imgClip\">\n\t\t\t\t\t\t<img decoding=\"async\" src=\"https:\/\/coalitionassurance.com\/wp-content\/themes\/coalition\/img\/square-portrait-1.jpg\" alt=\"\">\n\t\t\t\t\t<\/div>\n\t\t\t\t<\/div>\n\t\t\t<\/figure>\n\n\t\t\t<div class=\"bCIP__cCtn typo typoLinks\">\n\t\t\t\t<header class=\"iHead\">\n\t\t\t\t\t<h3>LOOKING FOR A JOB IN P&#038;C INSURANCE?<\/h3>\n\t\t\t\t<\/header>\n\n\t\t\t\t<p>The ACS in property and casualty insurance is the path to take. Lasting about one year, this comprehensive technical training will allow you to take classes exclusively in P&amp;C insurance. No time\u2009is wasted! Your training is as fast and efficient as possible, so you can start realizing your ambitions in no time!<\/p>\n<p>Is communication second nature to you? Are your analytical abilities and sense of customer service your trademark? The ACS in property and casualty insurance is for you!<\/p>\n\n\t\t\t\t\t\t\t<\/div>\n\t\t<\/div>\n\t<\/article>\n\n\n\n<article class=\"bSpecialisations wStdRight jsAnimateClass animate\">\n\n\t<div class=\"bSpecialisations__in bMain onDark wStdLeft\">\n\n\t\t\t\t\t<header class=\"iHead\">\n\t\t\t\t<h2 class=\"cGreen\">A training adapted to your needs :<\/h2>\n\t\t\t<\/header>\n\t\t\n\t\t\n\t\t\t\t\t<section class=\"bSliderSpecialisations\">\n\t\t\t\t<div class=\"bSliderSpecialisations__list jsCarouselRealisations__parent\">\n\t\t\t\t\t<div class=\"bSliderSpecialisations__items jsCarouselRealisations\">\n\t\t\t\t\t\t\t\t\t\t\t\t\t<article class=\"iBadge\">\n\t\t\t\t\t\t\t\t<div class=\"iBadge__in\">\n\t\t\t\t\t\t\t\t\t\t\t\t\t\t\t\t\t\t\t<figure class=\"iBadge__icon btnIcon btnIcon--badge\">\n\t\t\t\t\t\t\t\t\t\t\t<span class=\"svgIcon\">\n\t\t\t\t\t\t\t\t\t\t\t\t<?xml version=\"1.0\" encoding=\"UTF-8\"?> <svg xmlns=\"http:\/\/www.w3.org\/2000\/svg\" height=\"100px\" width=\"100px\" fill=\"#006350\" data-name=\"Layer 1\" viewBox=\"0 0 64 64\" x=\"0px\" y=\"0px\"><path d=\"M50.41,57.91H13.59a5,5,0,0,1-5-5V16.09a5,5,0,0,1,5-5H50.41a5,5,0,0,1,5,5V52.91A5,5,0,0,1,50.41,57.91ZM13.59,13.09a3,3,0,0,0-3,3V52.91a3,3,0,0,0,3,3H50.41a3,3,0,0,0,3-3V16.09a3,3,0,0,0-3-3Z\"><\/path><path d=\"M54.41,23.09H9.59a1,1,0,0,1,0-2H54.41a1,1,0,0,1,0,2Z\"><\/path><path d=\"M19.7,13.09a1,1,0,0,1-1-1v-5a1,1,0,0,1,2,0v5A1,1,0,0,1,19.7,13.09Z\"><\/path><path d=\"M43.66,13.09a1,1,0,0,1-1-1v-5a1,1,0,0,1,2,0v5A1,1,0,0,1,43.66,13.09Z\"><\/path><rect x=\"16.14\" y=\"30.42\" width=\"6.15\" height=\"6.15\" rx=\"1\"><\/rect><rect x=\"28.78\" y=\"30.42\" width=\"6.15\" height=\"6.15\" rx=\"1\"><\/rect><rect x=\"41.26\" y=\"30.42\" width=\"6.15\" height=\"6.15\" rx=\"1\"><\/rect><rect x=\"16.36\" y=\"42.18\" width=\"6.15\" height=\"6.15\" rx=\"1\"><\/rect><rect x=\"29.01\" y=\"42.18\" width=\"6.15\" height=\"6.15\" rx=\"1\"><\/rect><rect x=\"41.49\" y=\"42.18\" width=\"6.15\" height=\"6.15\" rx=\"1\"><\/rect><\/svg> \t\t\t\t\t\t\t\t\t\t\t<\/span>\n\t\t\t\t\t\t\t\t\t\t<\/figure>\n\t\t\t\t\t\t\t\t\t\n\t\t\t\t\t\t\t\t\t<h3 class=\"iBadge__title\">Duration: Between 9 and 12 months<\/h3>\n\t\t\t\t\t\t\t\t<\/div>\n\t\t\t\t\t\t\t<\/article>\n\t\t\t\t\t\t\t\t\t\t\t\t\t<article class=\"iBadge\">\n\t\t\t\t\t\t\t\t<div class=\"iBadge__in\">\n\t\t\t\t\t\t\t\t\t\t\t\t\t\t\t\t\t\t\t<figure class=\"iBadge__icon btnIcon btnIcon--badge\">\n\t\t\t\t\t\t\t\t\t\t\t<span class=\"svgIcon\">\n\t\t\t\t\t\t\t\t\t\t\t\t<?xml version=\"1.0\" encoding=\"UTF-8\"?> <svg xmlns=\"http:\/\/www.w3.org\/2000\/svg\" height=\"100px\" width=\"100px\" fill=\"#006350\" data-name=\"Layer 1\" viewBox=\"0 0 100 100\" x=\"0px\" y=\"0px\"><title>Founding<\/title><path d=\"M58.47,93.72h-.21a1.2,1.2,0,1,1,0-2.39h.2a19.45,19.45,0,0,0,5.71-.87,1.19,1.19,0,1,1,.7,2.28A21.78,21.78,0,0,1,58.47,93.72Zm-6.41-1.19a1.42,1.42,0,0,1-.45-.08A15.25,15.25,0,0,1,46,88.55,1.19,1.19,0,1,1,47.76,87a12.86,12.86,0,0,0,4.74,3.28,1.19,1.19,0,0,1-.44,2.3Zm18.19-2.48a1.2,1.2,0,0,1-.69-2.18,15.3,15.3,0,0,0,4.14-4.16,1.19,1.19,0,0,1,2,1.31,17.58,17.58,0,0,1-4.77,4.81A1.12,1.12,0,0,1,70.25,90.05Zm6.57-10.41H76.7a1.18,1.18,0,0,1-1.07-1.3,10.94,10.94,0,0,0,.05-1.15,13.7,13.7,0,0,0-.83-4.58,1.2,1.2,0,0,1,2.25-.81,15.91,15.91,0,0,1,1,5.39A12.63,12.63,0,0,1,78,78.56,1.19,1.19,0,0,1,76.82,79.64ZM73,67.83a1.21,1.21,0,0,1-1-.49,35,35,0,0,0-4.08-4.58A1.19,1.19,0,1,1,69.54,61a36.58,36.58,0,0,1,4.37,4.9,1.2,1.2,0,0,1-.26,1.67A1.22,1.22,0,0,1,73,67.83ZM63.87,59a1.18,1.18,0,0,1-.77-.28,39.92,39.92,0,0,1-4.66-4.61,1.19,1.19,0,1,1,1.82-1.54,38.21,38.21,0,0,0,4.38,4.32A1.2,1.2,0,0,1,63.87,59Zm-8-9.75a1.19,1.19,0,0,1-1.08-.69A17.23,17.23,0,0,1,53.07,42a1.2,1.2,0,0,1,1.14-1.25,1.21,1.21,0,0,1,1.25,1.14,14.61,14.61,0,0,0,1.48,5.65,1.19,1.19,0,0,1-.57,1.59A1.16,1.16,0,0,1,55.86,49.23Zm-.45-12.3a1.17,1.17,0,0,1-.47-.1,1.2,1.2,0,0,1-.62-1.57,19.23,19.23,0,0,1,3.76-5.59,1.2,1.2,0,0,1,1.74,1.64,16.83,16.83,0,0,0-3.31,4.9A1.19,1.19,0,0,1,55.41,36.93Zm8.47-9.24a1.18,1.18,0,0,1-1-.55,1.2,1.2,0,0,1,.37-1.65,34.47,34.47,0,0,1,5.89-2.95A1.2,1.2,0,0,1,70,24.77a31.41,31.41,0,0,0-5.47,2.74A1.24,1.24,0,0,1,63.88,27.69Zm11.78-4.6a1.19,1.19,0,0,1-.22-2.36A35.76,35.76,0,0,1,82,20.05h0a1.2,1.2,0,0,1,0,2.39,33.69,33.69,0,0,0-6.1.63Z\"><\/path><path d=\"M84.58,29.2a1.19,1.19,0,0,1-.73-2.14l7-5.38L84.14,16a1.2,1.2,0,0,1,1.54-1.83l7.84,6.6a1.17,1.17,0,0,1,.42.94,1.19,1.19,0,0,1-.46.92L85.3,29A1.15,1.15,0,0,1,84.58,29.2Z\"><\/path><path d=\"M50.41,81.93A21.69,21.69,0,0,0,43.88,80V39.57a.74.74,0,0,0,0-.21V16.58a3.73,3.73,0,1,0-2.39,0v1.21C38.06,15.84,30.66,13,23.7,19.19c-8,7.13-16.23,3.47-16.57,3.31a1.19,1.19,0,0,0-1.39,1.88l4.61,5.15L6.2,33.65a1.2,1.2,0,0,0-.35.88,1.21,1.21,0,0,0,.39.86c.09.08,9.28,8.18,18.82,1.39,3.45-2.45,6.77-3.22,9.9-2.31a12.13,12.13,0,0,1,6.53,5.16V80a17.44,17.44,0,0,0-6.64,2.49,1.19,1.19,0,0,0,.65,2.19,1.17,1.17,0,0,0,.65-.19s3.37-2.18,6.47-2.18a17.89,17.89,0,0,1,6.72,1.75,1.2,1.2,0,0,0,1.07-2.14Zm-7.73-70.2a1.34,1.34,0,1,1-1.33,1.34A1.34,1.34,0,0,1,42.68,11.73ZM38.41,33.39c-3.18-1.86-8.32-3.11-14.73,1.45S11.2,36.05,8.85,34.39l4-4a1.19,1.19,0,0,0,.05-1.64l-2.69-3A18.16,18.16,0,0,0,25.3,21c7-6.22,14.32-1.71,16.19-.38V35.8A15.15,15.15,0,0,0,38.41,33.39Z\"><\/path><\/svg> \t\t\t\t\t\t\t\t\t\t\t<\/span>\n\t\t\t\t\t\t\t\t\t\t<\/figure>\n\t\t\t\t\t\t\t\t\t\n\t\t\t\t\t\t\t\t\t<h3 class=\"iBadge__title\">Program can start at any time of year<\/h3>\n\t\t\t\t\t\t\t\t<\/div>\n\t\t\t\t\t\t\t<\/article>\n\t\t\t\t\t\t\t\t\t\t\t\t\t<article class=\"iBadge\">\n\t\t\t\t\t\t\t\t<div class=\"iBadge__in\">\n\t\t\t\t\t\t\t\t\t\t\t\t\t\t\t\t\t\t\t<figure class=\"iBadge__icon btnIcon btnIcon--badge\">\n\t\t\t\t\t\t\t\t\t\t\t<span class=\"svgIcon\">\n\t\t\t\t\t\t\t\t\t\t\t\t<?xml version=\"1.0\" encoding=\"UTF-8\"?> <svg xmlns=\"http:\/\/www.w3.org\/2000\/svg\" height=\"100px\" width=\"100px\" fill=\"#006350\" data-name=\"Layer 1\" viewBox=\"0 0 100 100\" x=\"0px\" y=\"0px\"><title>04<\/title><g data-name=\"Group\"><rect data-name=\"Path\" x=\"37.2\" y=\"55\" width=\"4\" height=\"10\"><\/rect><rect data-name=\"Path\" x=\"25.2\" y=\"55\" width=\"4\" height=\"10\"><\/rect><rect data-name=\"Path\" x=\"37.2\" y=\"40\" width=\"4\" height=\"10\"><\/rect><rect data-name=\"Path\" x=\"25.2\" y=\"40\" width=\"4\" height=\"10\"><\/rect><rect data-name=\"Path\" x=\"37.2\" y=\"25\" width=\"4\" height=\"10\"><\/rect><rect data-name=\"Path\" x=\"25.2\" y=\"25\" width=\"4\" height=\"10\"><\/rect><path data-name=\"Compound Path\" d=\"M89.2,37H55.7V16h-10V6h-25V16h-10V94H89.2ZM24.7,10h17v6h-17ZM37.2,90h-8V75h8Zm14.5,0H41.2V71h-16V90H14.7V20h37Zm33.5,0H55.7V41H85.2Z\"><\/path><rect data-name=\"Path\" x=\"74.7\" y=\"76\" width=\"4\" height=\"10\"><\/rect><rect data-name=\"Path\" x=\"62.7\" y=\"76\" width=\"4\" height=\"10\"><\/rect><rect data-name=\"Path\" x=\"74.7\" y=\"61\" width=\"4\" height=\"10\"><\/rect><rect data-name=\"Path\" x=\"62.7\" y=\"61\" width=\"4\" height=\"10\"><\/rect><rect data-name=\"Path\" x=\"74.7\" y=\"46\" width=\"4\" height=\"10\"><\/rect><rect data-name=\"Path\" x=\"62.7\" y=\"46\" width=\"4\" height=\"10\"><\/rect><\/g><\/svg> \t\t\t\t\t\t\t\t\t\t\t<\/span>\n\t\t\t\t\t\t\t\t\t\t<\/figure>\n\t\t\t\t\t\t\t\t\t\n\t\t\t\t\t\t\t\t\t<h3 class=\"iBadge__title\">Available at over 20 institutions across Quebec<\/h3>\n\t\t\t\t\t\t\t\t<\/div>\n\t\t\t\t\t\t\t<\/article>\n\t\t\t\t\t\t\t\t\t\t\t\t\t<article class=\"iBadge\">\n\t\t\t\t\t\t\t\t<div class=\"iBadge__in\">\n\t\t\t\t\t\t\t\t\t\t\t\t\t\t\t\t\t\t\t<figure class=\"iBadge__icon btnIcon btnIcon--badge\">\n\t\t\t\t\t\t\t\t\t\t\t<span class=\"svgIcon\">\n\t\t\t\t\t\t\t\t\t\t\t\t<?xml version=\"1.0\" encoding=\"UTF-8\"?> <svg xmlns=\"http:\/\/www.w3.org\/2000\/svg\" height=\"100px\" width=\"100px\" fill=\"#006350\" viewBox=\"0 0 64 64\" x=\"0px\" y=\"0px\"><title>Language<\/title><g><path d=\"M43.7526,16.3435A21.9852,21.9852,0,1,0,5,37.0527V46a.9994.9994,0,0,0,1.1846.9824l7.6963-1.4453A21.7474,21.7474,0,0,0,20.2491,47.66a21.9871,21.9871,0,0,0,29.8691,9.8773l7.6972,1.4453A.9994.9994,0,0,0,59,58V49.0527A21.947,21.947,0,0,0,43.7526,16.3435ZM21.0654,45.78a19.79,19.79,0,0,1-6.55-2.17,1.0052,1.0052,0,0,0-.4756-.12.9852.9852,0,0,0-.1845.0176L7,44.7949V36.78a1.0018,1.0018,0,0,0-.1416-.5137A19.99,19.99,0,1,1,42.1729,17.6514,19.6639,19.6639,0,0,1,44,26,20.0223,20.0223,0,0,1,24,46a19.7475,19.7475,0,0,1-2.9326-.22Zm36.0762,2.4863A1.0018,1.0018,0,0,0,57,48.78v8.0146l-6.8555-1.2871a1.0152,1.0152,0,0,0-.6591.1016,20.0041,20.0041,0,0,1-26.83-7.6514c.4472.0283.8935.042,1.3447.042A22.0248,22.0248,0,0,0,46,26c0-.5756-.0294-1.1453-.0724-1.712-.0092-.12-.0177-.2409-.0289-.3609-.051-.5522-.12-1.1-.2119-1.6426-.0148-.0869-.0337-.1727-.0495-.26q-.137-.7525-.3266-1.4914c-.0213-.0831-.04-.167-.0619-.25-.1435-.5328-.31-1.059-.4946-1.58-.0165-.0466-.0274-.0949-.0442-.1414A19.9652,19.9652,0,0,1,57.1416,48.2666Z\"><\/path><path d=\"M17.9063,19.5771a1,1,0,0,0-1.8125,0l-5.1338,11a1,1,0,1,0,1.8125.8458l1.139-2.4407c.0306.0028.0571.0178.0885.0178h6c.0314,0,.0579-.015.0885-.0178l1.139,2.4407a1,1,0,1,0,1.8125-.8458ZM14.8365,27,17,22.3643,19.1635,27Z\"><\/path><path d=\"M26.001,32a.997.997,0,0,0,.624-.2187A14.1491,14.1491,0,0,0,31,25.7585a14.1491,14.1491,0,0,0,4.375,6.0228,1,1,0,1,0,1.25-1.5625A12.8208,12.8208,0,0,1,32.0912,22H35a1,1,0,0,0,0-2H27a1,1,0,0,0,0,2h2.9127a12.7551,12.7551,0,0,1-4.5377,8.2188A1,1,0,0,0,26.001,32Z\"><\/path><\/g><\/svg> \t\t\t\t\t\t\t\t\t\t\t<\/span>\n\t\t\t\t\t\t\t\t\t\t<\/figure>\n\t\t\t\t\t\t\t\t\t\n\t\t\t\t\t\t\t\t\t<h3 class=\"iBadge__title\">In French, in English, or a French program with a professional English class*<\/h3>\n\t\t\t\t\t\t\t\t<\/div>\n\t\t\t\t\t\t\t<\/article>\n\t\t\t\t\t\t\t\t\t\t\t\t\t<article class=\"iBadge\">\n\t\t\t\t\t\t\t\t<div class=\"iBadge__in\">\n\t\t\t\t\t\t\t\t\t\t\t\t\t\t\t\t\t\t\t<figure class=\"iBadge__icon btnIcon btnIcon--badge\">\n\t\t\t\t\t\t\t\t\t\t\t<span class=\"svgIcon\">\n\t\t\t\t\t\t\t\t\t\t\t\t<?xml version=\"1.0\" encoding=\"UTF-8\"?> <svg xmlns=\"http:\/\/www.w3.org\/2000\/svg\" height=\"100px\" width=\"100px\" fill=\"#006350\" viewBox=\"0 0 100 100\" x=\"0px\" y=\"0px\"><title>Creator Icon_32<\/title><path d=\"M21.896,41.729V57.8125a1,1,0,0,0,2,0V41.729a3.92081,3.92081,0,0,1,3.9165-3.9165H34.729V45.146a1,1,0,0,0,2,0V37.8125h6.917a3.92081,3.92081,0,0,1,3.9165,3.9165V57.8125a1,1,0,0,0,2,0V41.729a5.92342,5.92342,0,0,0-5.9165-5.9165H27.8125A5.92342,5.92342,0,0,0,21.896,41.729Z\"><\/path><path d=\"M28.19678,44.979a1,1,0,0,0-1,1v10.5a1,1,0,0,0,1,1H43.26172a1,1,0,0,0,1-1v-10.5a1,1,0,0,0-2,0v9.5H29.19678v-9.5A1,1,0,0,0,28.19678,44.979Z\"><\/path><path d=\"M40.8125,28.979a5.08325,5.08325,0,1,0-5.0835,5.0835A5.08893,5.08893,0,0,0,40.8125,28.979Zm-8.1665,0a3.08325,3.08325,0,1,1,3.083,3.0835A3.08622,3.08622,0,0,1,32.646,28.979Z\"><\/path><path d=\"M20.32275,60.40332a1.00067,1.00067,0,0,0-.12354.91309l3,8.375a1,1,0,0,0,.94141.6626h1.28125v14.75a1,1,0,0,0,2,0V67.0415h16.5V85.104a1,1,0,1,0,2,0V70.354h1.28125a1,1,0,0,0,.94141-.6626l3-8.375a.99983.99983,0,0,0-.94141-1.3374H21.14063A1.00064,1.00064,0,0,0,20.32275,60.40332Zm28.46,1.57568L46.499,68.354h-.57715V66.0415a1,1,0,0,0-1-1h-18.5a1,1,0,0,0-1,1V68.354h-.57715L22.561,61.979Z\"><\/path><path d=\"M18.5415,21.07281V35.354a1,1,0,0,0,2,0V21.229H80V54.854H53.25a1,1,0,0,0,0,2H81a1,1,0,0,0,1-1V20.87744A3.65933,3.65933,0,0,0,80.4585,13.896H19.5415a3.65673,3.65673,0,0,0-1,7.17682Zm1-5.17682h60.917a1.6665,1.6665,0,1,1,0,3.333H19.5415a1.6665,1.6665,0,0,1,0-3.333Z\"><\/path><\/svg> \t\t\t\t\t\t\t\t\t\t\t<\/span>\n\t\t\t\t\t\t\t\t\t\t<\/figure>\n\t\t\t\t\t\t\t\t\t\n\t\t\t\t\t\t\t\t\t<h3 class=\"iBadge__title\">In-class or remotely<\/h3>\n\t\t\t\t\t\t\t\t<\/div>\n\t\t\t\t\t\t\t<\/article>\n\t\t\t\t\t\t\t\t\t\t\t\t\t<article class=\"iBadge\">\n\t\t\t\t\t\t\t\t<div class=\"iBadge__in\">\n\t\t\t\t\t\t\t\t\t\t\t\t\t\t\t\t\t\t\t<figure class=\"iBadge__icon btnIcon btnIcon--badge\">\n\t\t\t\t\t\t\t\t\t\t\t<span class=\"svgIcon\">\n\t\t\t\t\t\t\t\t\t\t\t\t<?xml version=\"1.0\" encoding=\"UTF-8\"?> <svg xmlns:dc=\"http:\/\/purl.org\/dc\/elements\/1.1\/\" xmlns:cc=\"http:\/\/creativecommons.org\/ns#\" xmlns:rdf=\"http:\/\/www.w3.org\/1999\/02\/22-rdf-syntax-ns#\" xmlns:svg=\"http:\/\/www.w3.org\/2000\/svg\" xmlns=\"http:\/\/www.w3.org\/2000\/svg\" xmlns:sodipodi=\"http:\/\/sodipodi.sourceforge.net\/DTD\/sodipodi-0.dtd\" xmlns:inkscape=\"http:\/\/www.inkscape.org\/namespaces\/inkscape\" height=\"100px\" width=\"100px\" fill=\"#006350\" version=\"1.1\" x=\"0px\" y=\"0px\" viewBox=\"0 0 100 100\"><g transform=\"translate(0,-952.36218)\"><path style=\"text-indent:0;text-transform:none;direction:ltr;block-progression:tb;baseline-shift:baseline;color:#000000;enable-background:accumulate;\" d=\"m 50,957.36217 c -24.8291,0 -45,20.17101 -45,45.00003 0,24.8291 20.1709,45 45,45 24.8291,0 45,-20.1709 45,-45 0,-24.82902 -20.1709,-45.00003 -45,-45.00003 z m 0,4 c 22.6673,0 41,18.33279 41,41.00003 0,22.6673 -18.3327,41 -41,41 -22.6673,0 -41,-18.3327 -41,-41 0,-22.66724 18.3327,-41.00003 41,-41.00003 z m 0,9 c -1.1046,0 -2,0.8954 -2,2 l 0,30.00003 c 0,1.1046 0.8954,2 2,2 l 28,0 c 1.1046,0 2,-0.8954 2,-2 0,-1.1046 -0.8954,-2 -2,-2 l -26,0 0,-28.00003 c 0,-1.1046 -0.8954,-2 -2,-2 z\" fill=\"#006350\" fill-opacity=\"1\" stroke=\"none\" visibility=\"visible\" display=\"inline\" overflow=\"visible\"><\/path><\/g><\/svg> \t\t\t\t\t\t\t\t\t\t\t<\/span>\n\t\t\t\t\t\t\t\t\t\t<\/figure>\n\t\t\t\t\t\t\t\t\t\n\t\t\t\t\t\t\t\t\t<h3 class=\"iBadge__title\">Daytime, evening, or weekend<\/h3>\n\t\t\t\t\t\t\t\t<\/div>\n\t\t\t\t\t\t\t<\/article>\n\t\t\t\t\t\t\t\t\t\t\t<\/div>\n\t\t\t\t\t\n\t\t\t\t\t<div class=\"bSliderSpecialisations__nav navArrows navArrows--verticalDT\">\n\t\t\t\t\t\t<div class=\"navArrows__item\">\n\t\t\t\t\t\t\t<button type=\"button\" class=\"btnIcon navArrows__left jsCarouselRealisations__navPrev\">\n\t\t\t\t\t\t\t\t<span class=\"svgIcon\"><svg xmlns=\"http:\/\/www.w3.org\/2000\/svg\" viewBox=\"0 0 48 48\"><path d=\"M27.8 11.39a1 1 0 01.71 1.71L17.61 24l10.9 10.9a1 1 0 010 1.42 1 1 0 01-1.41 0L15.49 24.71a1 1 0 01-.29-.71 1 1 0 01.29-.71L27.1 11.68a1 1 0 01.7-.29z\"\/><\/svg><\/span>\n\t\t\t\t\t\t\t<\/button>\n\t\t\t\t\t\t<\/div>\n\n\t\t\t\t\t\t<div class=\"navArrows__item\">\n\t\t\t\t\t\t\t<button type=\"button\" class=\"btnIcon navArrows__right jsCarouselRealisations__navNext\">\n\t\t\t\t\t\t\t\t<span class=\"svgIcon\"><svg xmlns=\"http:\/\/www.w3.org\/2000\/svg\" viewBox=\"0 0 48 48\"><path d=\"M20.2 36.61a1 1 0 01-.71-1.71L30.39 24l-10.9-10.9a1 1 0 010-1.42 1 1 0 011.41 0l11.61 11.61a1 1 0 01.29.71 1 1 0 01-.29.71L20.9 36.32a1 1 0 01-.7.29z\"\/><\/svg><\/span>\n\t\t\t\t\t\t\t<\/button>\n\t\t\t\t\t\t<\/div>\n\t\t\t\t\t<\/div>\n\t\t\t\t<\/div>\n\t\t\t<\/section>\n\t\t\n\t<\/div>\n\n\t\t\t<div class=\"bSpecialisations__overflowBG jsSectionDark\"><\/div>\n\t<\/article>\n\n\n<article class=\"bMain bMain--noDP wStd  jsAnimateClass animateGeneric\"  data-class=\"animateGeneric\">\n\n\t\n\t<div class=\"typo typoLinks tCols1\">\n\t\t\t\t\t<div>\n\t\t\t\t<p>*ACS in property and casualty insurance and English communication<\/p>\n\t\t\t\t\n\t\t\t<\/div>\n\t\t\t<\/div>\n<\/article>\n\n\n\n<article class=\"bMain bMain--noDP wStd  jsAnimateClass animateGeneric\"  data-class=\"animateGeneric\">\n\n\t\t\t<header class=\"iHead\">\n\t\t\t<h3>CAREER PROSPECTS<\/h3>\n\t\t<\/header>\n\t\n\t<div class=\"typo typoLinks tCols1\">\n\t\t\t\t\t<div>\n\t\t\t\t<p>The ACS in property and casualty insurance is ideal for quickly entering the field as a broker, P&amp;C insurance agent, claims adjuster, actuary, underwriter, or risk manager.<\/p>\n<h4>Why pursue a career in P&amp;C insurance?<\/h4>\n\t\t\t\t\t\t\t\t\t<p>\n\t\t\t\t\t\t<a href=\"https:\/\/coalitionassurance.com\/en\/pursue-a-career\/property-and-casualty-insurance\/\" class=\"btn \" >\n\t\t\t\t\t\t\t<span class=\"btn__label\">DISCOVER THE BENEFITS HERE<\/span>\n\t\t\t\t\t\t<\/a>\n\t\t\t\t\t<\/p>\n\t\t\t\t\n\t\t\t<\/div>\n\t\t\t<\/div>\n<\/article>\n\n\n\n<article class=\"bMain bMain--noDP wStd cdf-vert jsAnimateClass animateGeneric\"  data-class=\"animateGeneric\">\n\n\t\t\t<header class=\"iHead\">\n\t\t\t<h3>TO FIND OUT THE DETAILS AND ADMISSION CRITERIA, CONTACT THE EDUCATIONAL INSTITUTIONS.<\/h3>\n\t\t<\/header>\n\t\n\t<div class=\"typo typoLinks tCols2\">\n\t\t\t\t\t<div>\n\t\t\t\t<h4>In French<\/h4>\n<ul>\n<li><a href=\"https:\/\/cegepba.qc.ca\/aec-fc\/\" target=\"_blank\" rel=\"noopener\">C\u00e9gep Beauce-Appalaches<\/a><\/li>\n<li><a href=\"https:\/\/fc.cegepmontpetit.ca\/cegep\/formation-continue\/nos-formations\/attestation-etudes-collegiales\/\" target=\"_blank\" rel=\"noopener\">C\u00e9gep \u00c9douard-Montpetit<\/a><\/li>\n<li>C\u00e9gep G\u00e9rald-Godin<\/li>\n<li><a href=\"https:\/\/www.cegepdrummond.ca\/formation-continue\/programmes\/\" target=\"_blank\" rel=\"noopener\">C\u00e9gep de Drummondville<\/a><\/li>\n<li><a href=\"https:\/\/mastera.qc.ca\/formations.html\" target=\"_blank\" rel=\"noopener\">C\u00e9gep de Jonqui\u00e8re<\/a><\/li>\n<li><a href=\"https:\/\/www.cegepat.qc.ca\/formation-continue\/attestations-etudes-collegiales\/\" target=\"_blank\" rel=\"noopener\">C\u00e9gep de l&#8217;Abitibi-T\u00e9miscamingue<\/a><\/li>\n<li><a href=\"https:\/\/www.cegep-rimouski.qc.ca\/formation-continue\/aec\" target=\"_blank\" rel=\"noopener\">C\u00e9gep de Rimouski<\/a><\/li>\n<li><a href=\"https:\/\/fcsei.cstj.qc.ca\/formation-type\/aec-dec\/\" target=\"_blank\" rel=\"noopener\">C\u00e9gep de Saint-J\u00e9r\u00f4me<\/a><\/li>\n<li><a href=\"https:\/\/dfc.csfoy.ca\/accueil\/\" target=\"_blank\" rel=\"noopener\">C\u00e9gep de Sainte-Foy\u00a0<\/a><\/li>\n<li><a href=\"https:\/\/www.cvm.qc.ca\/minisite\/formation-continue\/formations\/\" target=\"_blank\" rel=\"noopener\">C\u00e9gep du Vieux Montr\u00e9al<\/a><\/li>\n<li><a href=\"https:\/\/www.cegeplevis.ca\/formation-continue\/formations\/attestations-etudes-collegiales\/\" target=\"_blank\" rel=\"noopener\">C\u00e9gep L\u00e9vis<\/a><\/li>\n<li><a href=\"https:\/\/cegep-lanaudiere.qc.ca\/formation-continue\/aec\/\" target=\"_blank\" rel=\"noopener\">C\u00e9gep r\u00e9gional de Lanaudi\u00e8re<\/a><\/li>\n<li><a href=\"https:\/\/www.college-cei.com\/les-formations\/\" target=\"_blank\" rel=\"noopener\">Coll\u00e8ge CEI<\/a><\/li>\n<li><a href=\"https:\/\/clafleche.qc.ca\/types\/aec\/?types=aec&amp;interest=all&amp;academic-path=all\" target=\"_blank\" rel=\"noopener\">Coll\u00e8ge Lafl\u00e8che <\/a><\/li>\n<li><a href=\"https:\/\/osullivan-quebec.qc.ca\/\" target=\"_blank\" rel=\"noopener\">Coll\u00e8ge O&#8217;Sullivan de Qu\u00e9bec<\/a><\/li>\n<li><a href=\"https:\/\/www.crosemont.qc.ca\/formation-continue-calendrier\/\" target=\"_blank\" rel=\"noopener\">Coll\u00e8ge Rosemont<\/a><\/li>\n<li><a href=\"https:\/\/www.teccart.qc.ca\/programmes\/?e-filter-7f5cc8d-program_type=aec\" target=\"_blank\" rel=\"noopener\">Institut Teccart<\/a><\/li>\n<li><a href=\"https:\/\/www.seminaire-sherbrooke.qc.ca\/edp\/programmes-aec\/\" target=\"_blank\" rel=\"noopener\">S\u00e9minaire de Sherbrooke<\/a><\/li>\n<\/ul>\n\t\t\t\t\n\t\t\t<\/div>\n\t\t\t\t\t<div>\n\t\t\t\t<h4>In English<\/h4>\n<ul>\n<li><a href=\"https:\/\/www.vaniercollege.qc.ca\/academic-programs\/category\/attestation-programs\/\" target=\"_blank\" rel=\"noopener\">C\u00e9gep Vanier<\/a><\/li>\n<\/ul>\n\t\t\t\t\n\t\t\t<\/div>\n\t\t\t<\/div>\n<\/article>\n","protected":false},"excerpt":{"rendered":"","protected":false},"author":1,"featured_media":0,"parent":4836,"menu_order":0,"comment_status":"closed","ping_status":"closed","template":"","meta":{"_acf_changed":false,"footnotes":""},"class_list":["post-4810","page","type-page","status-publish","hentry"],"acf":[],"_links":{"self":[{"href":"https:\/\/coalitionassurance.com\/en\/wp-json\/wp\/v2\/pages\/4810","targetHints":{"allow":["GET"]}}],"collection":[{"href":"https:\/\/coalitionassurance.com\/en\/wp-json\/wp\/v2\/pages"}],"about":[{"href":"https:\/\/coalitionassurance.com\/en\/wp-json\/wp\/v2\/types\/page"}],"author":[{"embeddable":true,"href":"https:\/\/coalitionassurance.com\/en\/wp-json\/wp\/v2\/users\/1"}],"replies":[{"embeddable":true,"href":"https:\/\/coalitionassurance.com\/en\/wp-json\/wp\/v2\/comments?post=4810"}],"version-history":[{"count":18,"href":"https:\/\/coalitionassurance.com\/en\/wp-json\/wp\/v2\/pages\/4810\/revisions"}],"predecessor-version":[{"id":10880,"href":"https:\/\/coalitionassurance.com\/en\/wp-json\/wp\/v2\/pages\/4810\/revisions\/10880"}],"up":[{"embeddable":true,"href":"https:\/\/coalitionassurance.com\/en\/wp-json\/wp\/v2\/pages\/4836"}],"wp:attachment":[{"href":"https:\/\/coalitionassurance.com\/en\/wp-json\/wp\/v2\/media?parent=4810"}],"curies":[{"name":"wp","href":"https:\/\/api.w.org\/{rel}","templated":true}]}}