{"id":4869,"date":"2021-09-23T07:53:26","date_gmt":"2021-09-23T11:53:26","guid":{"rendered":"https:\/\/coalitionassurance.com\/la-coalition\/nos-partenaires\/"},"modified":"2021-12-13T19:33:56","modified_gmt":"2021-12-14T00:33:56","slug":"our-partners","status":"publish","type":"page","link":"https:\/\/coalitionassurance.com\/en\/the-coalition\/our-partners\/","title":{"rendered":"Our partners"},"content":{"rendered":"\n\t<article class=\"pHPage jsAnimateClass animate\">\n\t\t<div class=\"pHPage__in\">\n\t\t\t<div class=\"pHPage__cCtn wStd onDark\">\n\t\t\t\t<div class=\"pHPage__ctn jsAnimateMove\" data-move=\"-40\">\n\t\t\t\t\t<div class=\"pHPage__titleReveal\">\n\t\t\t\t\t\t<h1>Our partners<\/h1>\n\t\t\t\t\t<\/div>\n\t\t\t\t<\/div>\n\t\t\t<\/div>\n\n\t\t\t\t\t\t\t<div class=\"pHPage__cBottom wStd\">\n\t\t\t\t\t<div class=\"quickNav jsQuickNav\"><\/div>\n\t\t\t\t<\/div>\n\t\t\t\n\t\t\t<figure class=\"pHPage__bg\">\n\t\t\t\t<picture>\n\t\t\t\t\t<source srcset=\"https:\/\/coalitionassurance.com\/wp-content\/uploads\/2021\/12\/entete-ca-mobile.jpg\" media=\"(max-width:62rem)\">\n\t\t\t\t\t<img decoding=\"async\" src=\"https:\/\/coalitionassurance.com\/wp-content\/uploads\/2021\/12\/entete-ca.jpg\" alt=\"\">\n\t\t\t\t<\/picture>\n\t\t\t<\/figure>\n\t\t<\/div>\n\n\t\t<div class=\"pHPage__rs\">\n\t\t\t\n<div class=\"iFloatBox\">\n\t<div class=\"iFloatBox__willPin jsFloatBoxSticky\">\n\t\t<div class=\"iFloatBox__scrolledPosition\">\n\t\t\t<ul class=\"rs rs--vertical\">\n\t\t\t\t\t<li>\n\t\t\t\t\t\t<a href=\"#\" class=\"js__facebook\">\n\t\t\t\t\t\t\t<span class=\"svgIcon\"><svg xmlns=\"http:\/\/www.w3.org\/2000\/svg\" viewBox=\"0 0 48 48\"><path d=\"M34.89 24A10.89 10.89 0 1022.3 34.75v-7.6h-2.77V24h2.77v-2.4c0-2.73 1.62-4.23 4.11-4.23a17 17 0 012.44.21v2.68h-1.37A1.57 1.57 0 0025.7 22v2h3l-.48 3.15H25.7v7.6A10.88 10.88 0 0034.89 24z\"\/><\/svg><\/span>\n\t\t\t\t\t\t<\/a>\n\t\t\t\t\t<\/li>\n\t\t\t\t\t<li>\n\t\t\t\t\t\t<a href=\"#\" class=\"js__linkedin\">\n\t\t\t\t\t\t\t<span class=\"svgIcon\"><svg xmlns=\"http:\/\/www.w3.org\/2000\/svg\" viewBox=\"0 0 48 48\"><path d=\"M15.58 21.08h3.61v11.61h-3.61zM28.38 20.79A3.8 3.8 0 0025 22.67h-.05v-1.59h-3.49v11.61h3.6V27c0-1.52.29-3 2.16-3s1.88 1.7 1.88 3v5.65h3.61v-6.33c0-3.12-.71-5.53-4.33-5.53zM17.39 15.31a2.09 2.09 0 102.09 2.09 2.1 2.1 0 00-2.09-2.09z\"\/><\/svg><\/span>\n\t\t\t\t\t\t<\/a>\n\t\t\t\t\t<\/li>\n\n\t\t\t<\/ul>\n\t\t<\/div>\n\t<\/div>\n<\/div>\n\t\t<\/div>\n\t<\/article>\n\n\n\n<div class=\"bMain bMain--noDP wStd jsAnimateClass animateGeneric jsQuickNav__section\" id=\"partenaires_industrie\" data-quicknav-title=\"INDUSTRY\" data-class=\"animateGeneric\">\n\t<h2 class=\"\">\n\t\tINDUSTRY PARTNERS\t<\/h2>\n<\/div>\n\n\n<article class=\"bMain bMain--noDP wStd  jsAnimateClass animateGeneric\"  data-class=\"animateGeneric\">\n\n\t\n\t<div class=\"typo typoLinks tCols3\">\n\t\t\t\t\t<div>\n\t\t\t\t<h3>ASSOCIATION DES EXPERTS EN SINISTRE IND\u00c9PENDANTS DU QU\u00c9BEC (AESIQ)<\/h3>\n<p>Organization that aims to maintain the leadership of the independent claims adjusters of Quebec by being their spokesperson.<\/p>\n<p><a href=\"https:\/\/www.linkedin.com\/company\/aesiq\/posts\/?feedView=all&amp;viewAsMember=true\" target=\"_blank\" rel=\"noopener\">Visit the website<\/a><\/p>\n\t\t\t\t\n\t\t\t<\/div>\n\t\t\t\t\t<div>\n\t\t\t\t<h3>Autorit\u00e9 des march\u00e9s financiers (Autorit\u00e9)<\/h3>\n<p>Mandated by the government of Quebec to regulate the financial markets in Quebec and assist consumers of financial products and services, it must ensure the protection of the public by enforcing the laws and regulations that govern the financial sector.<\/p>\n<p><a href=\"https:\/\/lautorite.qc.ca\/en\/becoming-a-professional\/damage-insurance\" target=\"_blank\" rel=\"noopener\">Visit the website<\/a><\/p>\n\t\t\t\t\n\t\t\t<\/div>\n\t\t\t\t\t<div>\n\t\t\t\t<h3>INSURANCE BUREAU OF CANADA (IBC)<\/h3>\n<p>The national spokesperson for property and casualty insurers, as well as a partner for governments, stakeholders in the P&amp;C insurance sector, and consumers.<\/p>\n<p><a href=\"https:\/\/bac-quebec.qc.ca\/en\/\" target=\"_blank\" rel=\"noopener\">Visit the website<\/a><\/p>\n\t\t\t\t\n\t\t\t<\/div>\n\t\t\t<\/div>\n<\/article>\n\n\n\n<article class=\"bMain bMain--noDP wStd  jsAnimateClass animateGeneric\"  data-class=\"animateGeneric\">\n\n\t\n\t<div class=\"typo typoLinks tCols3\">\n\t\t\t\t\t<div>\n\t\t\t\t<h3>Chambre de l\u2019assurance de dommages (ChAD)<\/h3>\n<p>Ensures the protection of the public by maintaining discipline and ensuring the training and ethics of certified staff: property and casualty insurance agents, P&amp;C insurance brokers, and claims adjusters.<\/p>\n<p><a href=\"https:\/\/chad.ca\/en\/\" target=\"_blank\" rel=\"noopener\">Visit the website<\/a><\/p>\n\t\t\t\t\n\t\t\t<\/div>\n\t\t\t\t\t<div>\n\t\t\t\t<h3>Corporation des assureurs directs de dommages (CADD)<\/h3>\n<p>Promotes the interests of its members by representing them with various organizations in the property and casualty insurance industry, governments, and consumers.<\/p>\n<p><a href=\"http:\/\/cadd.ca\/en\/\" target=\"_blank\" rel=\"noopener\">Visit the website<\/a><\/p>\n\t\t\t\t\n\t\t\t<\/div>\n\t\t\t\t\t<div>\n\t\t\t\t<h3>Groupement des assureurs automobiles (GAA)<\/h3>\n<p>Responsible for establishing and maintaining mechanisms to ensure access to auto insurance, simplifying and expediting claims settlement, and controlling costs.<\/p>\n<p><a href=\"https:\/\/gaa.qc.ca\/en\/\" target=\"_blank\" rel=\"noopener\">Visit the website<\/a><\/p>\n\t\t\t\t\n\t\t\t<\/div>\n\t\t\t<\/div>\n<\/article>\n\n\n\n<article class=\"bMain bMain--noDP wStd  jsAnimateClass animateGeneric\"  data-class=\"animateGeneric\">\n\n\t\n\t<div class=\"typo typoLinks tCols3\">\n\t\t\t\t\t<div>\n\t\t\t\t<h3>Institut d\u2019assurance de dommages du Qu\u00e9bec (IADQ)<\/h3>\n<p>Allows those who operate in the insurance sector to reach their return potential and maximize their intellectual development by offering Chartered Insurance Professional titles (CIP and FCIP).<\/p>\n<p><a href=\"https:\/\/www.insuranceinstitute.ca\/fr\" target=\"_blank\" rel=\"noopener\">Visit the website<\/a><\/p>\n\t\t\t\t\n\t\t\t<\/div>\n\t\t\t\t\t<div>\n\t\t\t\t<h3>L\u2019Association de la rel\u00e8ve en assurance du Qu\u00e9bec (LARAQ)<\/h3>\n<p>Helps the next generation of insurance professionals create a network of contacts while encouraging them to enter and remain in the industry.<\/p>\n<p><a href=\"https:\/\/laraq.com\/\" target=\"_blank\" rel=\"noopener\">Visit the website<\/a><\/p>\n\t\t\t\t\n\t\t\t<\/div>\n\t\t\t\t\t<div>\n\t\t\t\t<h3>Regroupement des cabinets de courtage d\u2019assurance du Qu\u00e9bec (RCCAQ)<\/h3>\n<p>Defends the socio-economic interests of member firms. It also supports these firms in the performance of their duties, promotes the distinctive nature of the broker profession, and fosters cohesion between network partners.<\/p>\n<p><a href=\"https:\/\/www.rccaq.com\/\" target=\"_blank\" rel=\"noopener\">Visit the website<\/a><\/p>\n\t\t\t\t\n\t\t\t<\/div>\n\t\t\t<\/div>\n<\/article>\n\n\n\n<article class=\"bMain bMain--noDP wStd  jsAnimateClass animateGeneric\"  data-class=\"animateGeneric\">\n\n\t\n\t<div class=\"typo typoLinks tCols2\">\n\t\t\t\t\t<div>\n\t\t\t\t<h3>Qu\u00e9bec&#8217;s Financial Cluster<\/h3>\n<p>ts mission is to develop and promote Qu\u00e9bec\u2019s financial services industry. The organization works to enhance Montr\u00e9al\u2019s reputation as world-class financial hub and engages in international business development activities to attract foreign firms in Montr\u00e9al by promoting various fiscal incentives including the IFC tax credit.<\/p>\n<p><a href=\"https:\/\/www.finance-montreal.com\/en\/\" target=\"_blank\" rel=\"noopener\">Visit the website<\/a><\/p>\n\t\t\t\t\n\t\t\t<\/div>\n\t\t\t\t\t<div>\n\t\t\t\t<h3>Puissance Onze<\/h3>\n<p>The Centre de d\u00e9veloppement en assurances et services financiers (CDASF) was created by eleven property &amp; casualty and life &amp; health insurance companies, hence their name. This initiative aims to promote the continuation of their growth, including the promotion of the careers available to young people in the industry in the Quebec City region.<\/p>\n<p><a href=\"https:\/\/www.puissanceonze.ca\/en\/\" target=\"_blank\" rel=\"noopener\">Visit website<\/a><\/p>\n\t\t\t\t\n\t\t\t<\/div>\n\t\t\t<\/div>\n<\/article>\n\n\n\n<div class=\"bMain bMain--noDP wStd jsAnimateClass animateGeneric jsQuickNav__section\" id=\"partenaires_education\" data-quicknav-title=\"EDUCATION AND EMPLOYABILITY\" data-class=\"animateGeneric\">\n\t<h2 class=\"\">\n\t\tEDUCATION AND EMPLOYABILITY PARTNERS\t<\/h2>\n<\/div>\n\n\n<article class=\"bMain bMain--noDP wStd  jsAnimateClass animateGeneric\"  data-class=\"animateGeneric\">\n\n\t\n\t<div class=\"typo typoLinks tCols3\">\n\t\t\t\t\t<div>\n\t\t\t\t<h3>Academos<\/h3>\n<p>Connects young people aged 14 to 30 with the reality of the world of work thanks to a virtual mentorship application that allows them to speak free of charge with thousands of professionals who are passionate about their jobs.<\/p>\n<p><a href=\"https:\/\/academos.qc.ca\/\" target=\"_blank\" rel=\"noopener\">Visit the website<\/a><\/p>\n\t\t\t\t\n\t\t\t<\/div>\n\t\t\t\t\t<div>\n\t\t\t\t<h3>Apprenti coll\u00e9gien en action (C\u00e9gep de Sainte-Foy)<\/h3>\n<p>Allows secondary students to discover professions in the administration field\u2014more specifically, in insurance and financial services\u2014by participating in concrete activities with students from the insurance techniques and financial services program.<\/p>\n<p><a href=\"https:\/\/sites.csfoy.ca\/apprenti-collegien-en-action\/la-competition\/\" target=\"_blank\" rel=\"nofollow noopener\">Visit the website<\/a><\/p>\n\t\t\t\t\n\t\t\t<\/div>\n\t\t\t\t\t<div>\n\t\t\t\t<h3>Association qu\u00e9b\u00e9coise de l\u2019information scolaire et professionnelle (AQISEP)<\/h3>\n<p>Brings together professionals from the education and labour networks working in academic and professional information, orientation, and career development.<\/p>\n<p><a href=\"http:\/\/www.aqisep.qc.ca\/\" target=\"_blank\" rel=\"noopener\">Visit the website<\/a><\/p>\n\t\t\t\t\n\t\t\t<\/div>\n\t\t\t<\/div>\n<\/article>\n\n\n\n<article class=\"bMain bMain--noDP wStd  jsAnimateClass animateGeneric\"  data-class=\"animateGeneric\">\n\n\t\n\t<div class=\"typo typoLinks tCols3\">\n\t\t\t\t\t<div>\n\t\t\t\t<h3>MONTREAL NEWCOMER OFFICE (BINAM)<\/h3>\n<p>Creates the conditions for accelerating the integration process of newcomers in order to maximize their participation in the collective life of Montreal.<\/p>\n<p><a href=\"https:\/\/montreal.ca\/unites\/bureau-dintegration-des-nouveaux-arrivants-montreal-binam\" target=\"_blank\" rel=\"noopener\">Visit the website<\/a><\/p>\n\t\t\t\t\n\t\t\t<\/div>\n\t\t\t\t\t<div>\n\t\t\t\t<h3>BUSINESS CLASSES (MONTREAL REL\u00c8VE)<\/h3>\n<p>Offered to Secondary III and IV students, Business Classes is a program from the Montreal Rel\u00e8ve organization that aims to offer young people a one-week immersion experience within a partner organization in one of their areas of interest.<\/p>\n<p><a href=\"https:\/\/www.montrealreleve.ca\/\" target=\"_blank\" rel=\"noopener\">Visit the website<\/a><\/p>\n\t\t\t\t\n\t\t\t<\/div>\n\t\t\t\t\t<div>\n\t\t\t\t<h3>QUEBEC EMPLOYERS COUNCIL (CPQ)<\/h3>\n<p>Established the education and training\/employment matching committee, which aims to discuss solutions for addressing the challenges of matching training with employment, development, skills recognition, and labour shortages, including immigrants.<\/p>\n<p><a href=\"https:\/\/www.cpq.qc.ca\/fr\/\" target=\"_blank\" rel=\"noopener\">Visit website<\/a><\/p>\n\t\t\t\t\n\t\t\t<\/div>\n\t\t\t<\/div>\n<\/article>\n\n\n\n<article class=\"bMain bMain--noDP wStd  jsAnimateClass animateGeneric\"  data-class=\"animateGeneric\">\n\n\t\n\t<div class=\"typo typoLinks tCols3\">\n\t\t\t\t\t<div>\n\t\t\t\t<h3>EDUCATIONAL INSTITUTIONS OFFERING COLLEGE-LEVEL TRAINING IN PROPERTY AND CASUALTY INSURANCE<\/h3>\n<p>The Coalition collaborates with nearly 30 educational institutions offering college-level training in property and casualty insurance in Quebec (DCS and\/or ACS in Financial Services and Insurance Techniques).<\/p>\n<p>&nbsp;<\/p>\n\t\t\t\t\n\t\t\t<\/div>\n\t\t\t\t\t<div>\n\t\t\t\t<h3>Jeunes explorateurs d\u2019un jour<\/h3>\n<p>Offers young secondary and C\u00e9gep students the opportunity to experience a one-day internship in a field of particular interest to them. A day devoted exclusively to the insurance field takes place in November.<\/p>\n<p><a href=\"https:\/\/www.jeunes-explorateurs.org\/\" target=\"_blank\" rel=\"noopener\">Visit website<\/a><\/p>\n\t\t\t\t\n\t\t\t<\/div>\n\t\t\t\t\t<div>\n\t\t\t\t<h3>Ordre des conseillers et conseill\u00e8res en orientation du Qu\u00e9bec (OCCOQ)<\/h3>\n<p>Ensures the quality of the services offered to the public by guidance counsellors. It ensures the qualifications of the people who join the Order and supports them in maintaining and developing their professional skills.<\/p>\n<p><a href=\"https:\/\/www.orientation.qc.ca\/\" target=\"_blank\" rel=\"noopener\">Visit website<\/a><\/p>\n\t\t\t\t\n\t\t\t<\/div>\n\t\t\t<\/div>\n<\/article>\n\n\n\n<article class=\"bMain bMain--noDP wStd  jsAnimateClass animateGeneric\"  data-class=\"animateGeneric\">\n\n\t\n\t<div class=\"typo typoLinks tCols2\">\n\t\t\t\t\t<div>\n\t\t\t\t<h3>INTERCONNECTION PROGRAM (CHAMBER OF COMMERCE OF METROPOLITAN MONTREAL)<\/h3>\n<p>Allows for privileged contact between Montreal organizations and qualified newcomers to promote their professional integration. This program meets the needs of both companies and immigrants thanks to a flexible and comprehensive formula that includes a variety of free twinning activities.<\/p>\n<p><a href=\"https:\/\/www.ccmm.ca\/fr\/medias\/fiscalite-economie\/la-chambre-de-commerce-du-montreal-metropolitain-suspend-ses-programmes-interconnexion-et-japprends-le-francais\/\" target=\"_blank\" rel=\"noopener\">Visit website<\/a><\/p>\n\t\t\t\t\n\t\t\t<\/div>\n\t\t\t\t\t<div>\n\t\t\t\t<h3>University<\/h3>\n<p>The Coalition collaborates with several universities because the property and casualty insurance industry greatly values candidates who have a university background.<\/p>\n\t\t\t\t\n\t\t\t<\/div>\n\t\t\t<\/div>\n<\/article>\n\n\n\n<div class=\"bMain bMain--noDP wStd jsAnimateClass animateGeneric jsQuickNav__section\" id=\"instances_gouvernementales\" data-quicknav-title=\"GOVERNMENT AGENCIES\" data-class=\"animateGeneric\">\n\t<h2 class=\"\">\n\t\tGOVERNMENT AGENCIES\t<\/h2>\n<\/div>\n\n\n<article class=\"bMain bMain--noDP wStd  jsAnimateClass animateGeneric\"  data-class=\"animateGeneric\">\n\n\t\n\t<div class=\"typo typoLinks tCols3\">\n\t\t\t\t\t<div>\n\t\t\t\t<h3>MINISTRY OF EDUCATION AND HIGHER EDUCATION<\/h3>\n<p>Implementation of subsidized projects such as the ACS in business program.<\/p>\n<p><a href=\"http:\/\/www.education.gouv.qc.ca\/accueil\/\" target=\"_blank\" rel=\"noopener\">Visit website<\/a><\/p>\n\t\t\t\t\n\t\t\t<\/div>\n\t\t\t\t\t<div>\n\t\t\t\t<h3>MINISTRY OF LABOUR<\/h3>\n<p>(Emploi-Qu\u00e9bec, Conseil emploi-m\u00e9tropole, Commission des partenaires du march\u00e9 du travail)<\/p>\n<p><a href=\"https:\/\/www.mtess.gouv.qc.ca\/\" target=\"_blank\" rel=\"noopener\">Visit website<\/a><\/p>\n\t\t\t\t\n\t\t\t<\/div>\n\t\t\t\t\t<div>\n\t\t\t\t<h3>IMMIGRATION, FRANCISATION ET INT\u00c9GRATION<\/h3>\n<p><a href=\"http:\/\/www.immigration-quebec.gouv.qc.ca\/en\/home.html\" target=\"_blank\" rel=\"noopener\">Visit website<\/a><\/p>\n\t\t\t\t\n\t\t\t<\/div>\n\t\t\t<\/div>\n<\/article>\n","protected":false},"excerpt":{"rendered":"","protected":false},"author":1,"featured_media":0,"parent":4860,"menu_order":0,"comment_status":"closed","ping_status":"closed","template":"","meta":{"_acf_changed":false,"footnotes":""},"class_list":["post-4869","page","type-page","status-publish","hentry"],"acf":[],"_links":{"self":[{"href":"https:\/\/coalitionassurance.com\/en\/wp-json\/wp\/v2\/pages\/4869","targetHints":{"allow":["GET"]}}],"collection":[{"href":"https:\/\/coalitionassurance.com\/en\/wp-json\/wp\/v2\/pages"}],"about":[{"href":"https:\/\/coalitionassurance.com\/en\/wp-json\/wp\/v2\/types\/page"}],"author":[{"embeddable":true,"href":"https:\/\/coalitionassurance.com\/en\/wp-json\/wp\/v2\/users\/1"}],"replies":[{"embeddable":true,"href":"https:\/\/coalitionassurance.com\/en\/wp-json\/wp\/v2\/comments?post=4869"}],"version-history":[{"count":21,"href":"https:\/\/coalitionassurance.com\/en\/wp-json\/wp\/v2\/pages\/4869\/revisions"}],"predecessor-version":[{"id":6668,"href":"https:\/\/coalitionassurance.com\/en\/wp-json\/wp\/v2\/pages\/4869\/revisions\/6668"}],"up":[{"embeddable":true,"href":"https:\/\/coalitionassurance.com\/en\/wp-json\/wp\/v2\/pages\/4860"}],"wp:attachment":[{"href":"https:\/\/coalitionassurance.com\/en\/wp-json\/wp\/v2\/media?parent=4869"}],"curies":[{"name":"wp","href":"https:\/\/api.w.org\/{rel}","templated":true}]}}