{"id":4875,"date":"2021-09-24T08:48:35","date_gmt":"2021-09-24T12:48:35","guid":{"rendered":"https:\/\/coalitionassurance.com\/membres-de-la-coalition\/les-avantages\/"},"modified":"2022-08-26T13:09:29","modified_gmt":"2022-08-26T17:09:29","slug":"benefits","status":"publish","type":"page","link":"https:\/\/coalitionassurance.com\/en\/coalition-members\/benefits\/","title":{"rendered":"Benefits"},"content":{"rendered":"\n\t<article class=\"pHPage jsAnimateClass animate\">\n\t\t<div class=\"pHPage__in\">\n\t\t\t<div class=\"pHPage__cCtn wStd onDark\">\n\t\t\t\t<div class=\"pHPage__ctn jsAnimateMove\" data-move=\"-40\">\n\t\t\t\t\t<div class=\"pHPage__titleReveal\">\n\t\t\t\t\t\t<h1>Benefits<\/h1>\n\t\t\t\t\t<\/div>\n\t\t\t\t<\/div>\n\t\t\t<\/div>\n\n\t\t\t\n\t\t\t<figure class=\"pHPage__bg\">\n\t\t\t\t<picture>\n\t\t\t\t\t<source srcset=\"https:\/\/coalitionassurance.com\/wp-content\/uploads\/2021\/12\/entetegenerique-09-mobile.jpg\" media=\"(max-width:62rem)\">\n\t\t\t\t\t<img decoding=\"async\" src=\"https:\/\/coalitionassurance.com\/wp-content\/uploads\/2024\/06\/Creation-sans-titre-11.png\" alt=\"Les avantages - La Coalition\">\n\t\t\t\t<\/picture>\n\t\t\t<\/figure>\n\t\t<\/div>\n\n\t\t<div class=\"pHPage__rs\">\n\t\t\t\n<div class=\"iFloatBox\">\n\t<div class=\"iFloatBox__willPin jsFloatBoxSticky\">\n\t\t<div class=\"iFloatBox__scrolledPosition\">\n\t\t\t<ul class=\"rs rs--vertical\">\n\t\t\t\t\t<li>\n\t\t\t\t\t\t<a href=\"#\" class=\"js__facebook\">\n\t\t\t\t\t\t\t<span class=\"svgIcon\"><svg xmlns=\"http:\/\/www.w3.org\/2000\/svg\" viewBox=\"0 0 48 48\"><path d=\"M34.89 24A10.89 10.89 0 1022.3 34.75v-7.6h-2.77V24h2.77v-2.4c0-2.73 1.62-4.23 4.11-4.23a17 17 0 012.44.21v2.68h-1.37A1.57 1.57 0 0025.7 22v2h3l-.48 3.15H25.7v7.6A10.88 10.88 0 0034.89 24z\"\/><\/svg><\/span>\n\t\t\t\t\t\t<\/a>\n\t\t\t\t\t<\/li>\n\t\t\t\t\t<li>\n\t\t\t\t\t\t<a href=\"#\" class=\"js__linkedin\">\n\t\t\t\t\t\t\t<span class=\"svgIcon\"><svg xmlns=\"http:\/\/www.w3.org\/2000\/svg\" viewBox=\"0 0 48 48\"><path d=\"M15.58 21.08h3.61v11.61h-3.61zM28.38 20.79A3.8 3.8 0 0025 22.67h-.05v-1.59h-3.49v11.61h3.6V27c0-1.52.29-3 2.16-3s1.88 1.7 1.88 3v5.65h3.61v-6.33c0-3.12-.71-5.53-4.33-5.53zM17.39 15.31a2.09 2.09 0 102.09 2.09 2.1 2.1 0 00-2.09-2.09z\"\/><\/svg><\/span>\n\t\t\t\t\t\t<\/a>\n\t\t\t\t\t<\/li>\n\n\t\t\t<\/ul>\n\t\t<\/div>\n\t<\/div>\n<\/div>\n\t\t<\/div>\n\t<\/article>\n\n\n\n<article class=\"bMain bMain--noDP wStd  jsAnimateClass animateGeneric\"  data-class=\"animateGeneric\">\n\n\t\t\t<header class=\"iHead\">\n\t\t\t<h3>EXCLUSIVE MEMBER BENEFITS<\/h3>\n\t\t<\/header>\n\t\n\t<div class=\"typo typoLinks tCols1\">\n\t\t\t\t\t<div>\n\t\t\t\t<p>The Coalition is an essential tool to help you address your labour needs.<\/p>\n\t\t\t\t\n\t\t\t<\/div>\n\t\t\t<\/div>\n<\/article>\n\n\n\n\n\t<article class=\"bMain bMain--noDP wStd jsAnimateClass animateGeneric\"  data-class=\"animateGeneric\">\n\n\t\t\n\t\t<div class=\"typo typoLinks tCols1\">\n\n\t\t\t<div class=\"video-container\">\n\t\t\t\t\t\t\t\t\t<iframe src=\"https:\/\/www.youtube.com\/embed\/Abz22F7EQuU\" frameborder=\"0\" allow=\"accelerometer; autoplay; encrypted-media; gyroscope; picture-in-picture\" allowfullscreen><\/iframe>\n\t\t\t\t\t\t\t<\/div>\n\n\t\t<\/div>\n\n\t<\/article>\n\n\n\n\n<article class=\"bMain bMain--noDP wStd  jsAnimateClass animateGeneric\"  data-class=\"animateGeneric\">\n\n\t\n\t<div class=\"typo typoLinks tCols1\">\n\t\t\t\t\t<div>\n\t\t\t\t<p>We equip you to promote our industry, put you in direct contact with qualified young people and major industry players, and study the market for you to send you up-to-date data that is relevant to your recruitment efforts.<\/p>\n\t\t\t\t\n\t\t\t<\/div>\n\t\t\t<\/div>\n<\/article>\n\n\n\n<article class=\"bMain bMain--noDP wStd  jsAnimateClass animateGeneric\"  data-class=\"animateGeneric\">\n\n\t\n\t<div class=\"typo typoLinks tCols3\">\n\t\t\t\t\t<div>\n\t\t\t\t<h3>COMPLETE VERSIONS OF SURVEYS AND STUDIES ON THE INDUSTRY<\/h3>\n<p>Privileged access to studies and surveys on future skills and up-to-date data on the industry. Only members receive the complete versions of the studies.<\/p>\n\t\t\t\t\n\t\t\t<\/div>\n\t\t\t\t\t<div>\n\t\t\t\t<h3>PUBLICATION OF MORE THAN 15 SURVEYS AND STUDIES<\/h3>\n<p>Including a brand-new survey on labour needs conducted among the entire industry in Quebec in 2020. Discover the highlights of this study.<\/p>\n\t\t\t\t\n\t\t\t<\/div>\n\t\t\t\t\t<div>\n\t\t\t\t<h3>TAKE PART IN INNOVATIVE COMMITTEES<\/h3>\n<p>Member involvement in working committees that aim to attract and train qualified young people, such as the ACS business program optimization pilot project, a government-subsidized program for participating Coalition members.<\/p>\n\t\t\t\t\n\t\t\t<\/div>\n\t\t\t<\/div>\n<\/article>\n\n\n\n<article class=\"bMain bMain--noDP wStd  jsAnimateClass animateGeneric\"  data-class=\"animateGeneric\">\n\n\t\n\t<div class=\"typo typoLinks tCols3\">\n\t\t\t\t\t<div>\n\t\t\t\t<h3>PRIVILEGED ACCESS TO MORE THAN 45 EVENTS<\/h3>\n<p>Exclusive invitations to recruitment activities and events to promote your business and meet the next generation of the industry:<\/p>\n<ul>\n<li>Speed Jobbing (Insurance Day)<\/li>\n<li>L\u2019All\u00e9e de la rel\u00e8ve (RCCAQ Convention)<\/li>\n<li>Tours of educational institutions<\/li>\n<li>Career days<\/li>\n<li>And much more!<\/li>\n<\/ul>\n\t\t\t\t\n\t\t\t<\/div>\n\t\t\t\t\t<div>\n\t\t\t\t<h3>PROMOTIONAL TOOLBOX<\/h3>\n<p>Exclusive access to promotional materials developed for our members that aim to promote the industry and member companies. <a href=\"https:\/\/www.youtube.com\/watch?v=Tp3tytxLygc\" target=\"_blank\" rel=\"noopener\">View the 2022-2022 promotional campaign.<\/a><\/p>\n\t\t\t\t\n\t\t\t<\/div>\n\t\t\t\t\t<div>\n\t\t\t\t<h3>ACCESS TO A MEMBERS AREA<\/h3>\n<ul>\n<li>Exclusive accounts for members that give them access to a whole host of documents, including:Complete versions of studies and surveys<\/li>\n<li>Social media guides<\/li>\n<li>Reference documents (Coalition activity reports, events calendar, etc.)<\/li>\n<\/ul>\n\t\t\t\t\n\t\t\t<\/div>\n\t\t\t<\/div>\n<\/article>\n\n\n\n\n\t<article class=\"bCBI bMain bMain--noDP wStd jsAnimateClass animate bCBI--inverse\">\n\t\t<div class=\"bCBI__layout\">\n\n\t\t\t<div class=\"bCBI__cCtn typo typoLinks onDark\">\n\n\t\t\t\t<div class=\"bCBI__ctn\">\n\n\t\t\t\t\t<header class=\"iHead\">\n\t\t\t\t\t\t<h3>IN 2021-2022, 100 QUEBEC COMPANIES CONTRIBUTED TO THE INDUSTRY\u2019S PEP!<\/h3>\n\t\t\t\t\t<\/header>\n\n\t\t\t\t\t<p>Let\u2019s join forces to encourage qualified young people to take part in a dynamic and fast-growing industry. For more information about Coalition membership or to receive your application form, contact us!<\/p>\n\n\t\t\t\t\t\t\t\t\t\t\t<p class=\"typo__cta\">\n\t\t\t\t\t\t\t<a href=\"https:\/\/coalitionassurance.com\/en\/contact-us\/\" class=\"btn btn--hoverWhite btn--green \">\n\t\t\t\t\t\t\t\t<span class=\"btn__label\">Write to us<\/span>\n\t\t\t\t\t\t\t<\/a>\n\t\t\t\t\t\t<\/p>\n\t\t\t\t\t\n\t\t\t\t<\/div>\n\n\t\t\t<\/div>\n\n\t\t\t<figure class=\"bCBI__cImg\">\n\t\t\t\t<div class=\"bCBI__img hShadow jsAnimateMove\">\n\t\t\t\t\t<div class=\"bCBI__imgClip\">\n\t\t\t\t\t\t<img decoding=\"async\" src=\"https:\/\/coalitionassurance.com\/wp-content\/uploads\/2024\/06\/iStock-1178385556-650x670.jpg\" alt=\"En 2021-2022, 100 entreprises qu\u00e9b\u00e9coises ont contribu\u00e9 au PEP de l\u2019industrie!\">\n\t\t\t\t\t<\/div>\n\t\t\t\t<\/div>\n\t\t\t<\/figure>\n\t\t<\/div>\n\t<\/article>\n\n","protected":false},"excerpt":{"rendered":"","protected":false},"author":1,"featured_media":0,"parent":4874,"menu_order":0,"comment_status":"closed","ping_status":"closed","template":"","meta":{"_acf_changed":false,"footnotes":""},"class_list":["post-4875","page","type-page","status-publish","hentry"],"acf":[],"_links":{"self":[{"href":"https:\/\/coalitionassurance.com\/en\/wp-json\/wp\/v2\/pages\/4875","targetHints":{"allow":["GET"]}}],"collection":[{"href":"https:\/\/coalitionassurance.com\/en\/wp-json\/wp\/v2\/pages"}],"about":[{"href":"https:\/\/coalitionassurance.com\/en\/wp-json\/wp\/v2\/types\/page"}],"author":[{"embeddable":true,"href":"https:\/\/coalitionassurance.com\/en\/wp-json\/wp\/v2\/users\/1"}],"replies":[{"embeddable":true,"href":"https:\/\/coalitionassurance.com\/en\/wp-json\/wp\/v2\/comments?post=4875"}],"version-history":[{"count":17,"href":"https:\/\/coalitionassurance.com\/en\/wp-json\/wp\/v2\/pages\/4875\/revisions"}],"predecessor-version":[{"id":7970,"href":"https:\/\/coalitionassurance.com\/en\/wp-json\/wp\/v2\/pages\/4875\/revisions\/7970"}],"up":[{"embeddable":true,"href":"https:\/\/coalitionassurance.com\/en\/wp-json\/wp\/v2\/pages\/4874"}],"wp:attachment":[{"href":"https:\/\/coalitionassurance.com\/en\/wp-json\/wp\/v2\/media?parent=4875"}],"curies":[{"name":"wp","href":"https:\/\/api.w.org\/{rel}","templated":true}]}}